{"id":3616,"date":"2021-05-17T12:23:47","date_gmt":"2021-05-17T16:23:47","guid":{"rendered":"http:\/\/akiriconsultants.com\/?page_id=3616"},"modified":"2023-03-06T14:51:49","modified_gmt":"2023-03-06T19:51:49","slug":"carrieres","status":"publish","type":"page","link":"https:\/\/akiriconsultants.com\/fr\/carrieres\/","title":{"rendered":"Carri\u00e8res"},"content":{"rendered":"<div class=\"fusion-fullwidth fullwidth-box fusion-builder-row-1 nonhundred-percent-fullwidth non-hundred-percent-height-scrolling\" style=\"background-color: rgba(255,255,255,0);background-position: left top;background-repeat: no-repeat;padding-top:80px;padding-right:0px;padding-bottom:80px;padding-left:0px;margin-bottom: 0px;margin-top: 0px;border-width: 0px 0px 0px 0px;border-color:#e8eaf0;border-style:solid;\" ><div class=\"fusion-builder-row fusion-row\"><div class=\"fusion-layout-column fusion_builder_column fusion-builder-column-0 fusion_builder_column_1_1 1_1 fusion-one-full fusion-column-first fusion-column-last\" style=\"margin-top:20px;margin-bottom:0px;\"><div class=\"fusion-column-wrapper fusion-flex-column-wrapper-legacy\" style=\"background-position:left top;background-repeat:no-repeat;-webkit-background-size:cover;-moz-background-size:cover;-o-background-size:cover;background-size:cover;padding: 0px 0px 0px 0px;\"><div class=\"fusion-column-content-centered\"><div class=\"fusion-column-content\"><style type=\"text\/css\"><\/style><div class=\"fusion-title title fusion-title-1 fusion-sep-none fusion-title-center fusion-title-text fusion-title-size-two\" style=\"margin-top:10px;margin-right:0px;margin-bottom:20px;margin-left:0px;\"><h2 class=\"title-heading-center fusion-responsive-typography-calculated\" style=\"margin:0;--fontSize:38;line-height:1.3;\">Rejoignez l&rsquo;\u00e9quipe Akiri<\/h2><\/div><div class=\"fusion-text fusion-text-1\"><p>Aimez-vous \u00eatre consultant, mais pr\u00e9f\u00e9rez-vous vous concentrer sur la production de livrables de qualit\u00e9 plut\u00f4t que sur les heures facturables ?<\/p>\n<p>Faites-vous partie de ces personnes qui peuvent expliquer la technologie aux autres et qui se r\u00e9jouissent de voir leurs yeux s&rsquo;illuminer lorsqu&rsquo;ils la comprennent pour la premi\u00e8re fois ?<\/p>\n<p>\u00cates-vous n\u00e9(e) pour \u00eatre un(e) analyste d\u2019affaires, avec juste assez de t\u00e9nacit\u00e9 pour vous frayer un chemin \u00e0 travers les diverses solutions, les processus \u00ab\u00a0legacy\u00a0\u00bb et les besoins per\u00e7us pour arriver aux exigences r\u00e9elles ?<\/p>\n<p>On vous a vendu l&rsquo;\u00e9quilibre entre vie professionnelle et vie priv\u00e9e comme un avantage, mais vous faites des heures folles pour r\u00e9pondre \u00e0 une pr\u00e9vision qui ne fait m\u00eame pas de sens pour vous ?<\/p>\n<p>Pouvez-vous favoriser l&rsquo;obtention de r\u00e9sultats et de consensus en combinant cr\u00e9ativit\u00e9, rapidit\u00e9 d\u2019esprit et exp\u00e9rience ?<\/p>\n<p>Si la r\u00e9ponse \u00e0 ces questions est oui, nous vous voulons dans l&rsquo;\u00e9quipe Akiri!<\/p>\n<p>Envoyez-nous votre CV au courriel <a href=\"mailto:careers@akiriconsultants.com\">careers@akiriconsultants.com<\/a>.<\/p>\n<\/div><style type=\"text\/css\"><\/style><div class=\"fusion-title title fusion-title-2 fusion-sep-none fusion-title-text fusion-title-size-one\" style=\"margin-top:10px;margin-right:0px;margin-bottom:20px;margin-left:0px;\"><h1 class=\"title-heading-left fusion-responsive-typography-calculated\" style=\"margin:0;--fontSize:48;line-height:1.25;\">Postes ouverts<\/h1><\/div><style type=\"text\/css\">#accordion-3616-1 .fusion-panel:hover, #accordion-3616-1 .fusion-panel.hover{ background-color: #f9f9fb } #accordion-3616-1 .fusion-panel { border-color:#e2e2e2; border-width:1px; background-color:#ffffff; }.fusion-accordian  #accordion-3616-1 .panel-title a .fa-fusion-box{ color: #ffffff;}.fusion-accordian  #accordion-3616-1 .panel-title a .fa-fusion-box:before{ font-size: 14px; width: 14px;}.fusion-accordian  #accordion-3616-1.fusion-toggle-icon-right .fusion-toggle-heading{ margin-right: 32px;}.fusion-accordian  #accordion-3616-1 .panel-title a{font-size:24px;}.fusion-accordian  #accordion-3616-1 .fa-fusion-box { background-color: #b74d45;border-color: #b74d45;}.fusion-accordian  #accordion-3616-1 .panel-title a:hover, #accordion-3616-1 .fusion-toggle-boxed-mode:hover .panel-title a { color: #b71409;}.fusion-accordian  #accordion-3616-1 .panel-title .active .fa-fusion-box,.fusion-accordian  #accordion-3616-1 .panel-title a:hover .fa-fusion-box { background-color: #b71409!important;border-color: #b71409!important;}<\/style><div class=\"accordian fusion-accordian\"><div class=\"panel-group fusion-toggle-icon-right\" id=\"accordion-3616-1\"><div class=\"fusion-panel panel-default fusion-toggle-no-divider fusion-toggle-boxed-mode\"><div class=\"panel-heading\"><h4 class=\"panel-title toggle\"><a aria-expanded=\"false\" aria-controls=\"360368a09368dcb06\" role=\"button\" data-toggle=\"collapse\" data-parent=\"#accordion-3616-1\" data-target=\"#360368a09368dcb06\" href=\"#360368a09368dcb06\"><span class=\"fusion-toggle-icon-wrapper\" aria-hidden=\"true\"><i class=\"fa-fusion-box\" aria-hidden=\"true\"><\/i><\/span><span class=\"fusion-toggle-heading\"><\/p>\n<h3>Analyste d'affaires interm\u00e9diaire bilingue<\/h3>\n<p><\/span><\/a><\/h4><\/div><div id=\"360368a09368dcb06\" class=\"panel-collapse collapse \"><div class=\"panel-body toggle-content fusion-clearfix\">\n<p>En tant qu&rsquo;analyste d&rsquo;affaires interm\u00e9diaire bilingue, vous ferez partie d&rsquo;une \u00e9quipe de professionnels d\u00e9vou\u00e9s qui travaillent \u00e0 trouver les bonnes solutions pour nos clients afin de soutenir leur vision, leur croissance et leur exp\u00e9rience client souhait\u00e9e.<\/p>\n<p>Nous recherchons une personne autonome et proactive ayant entre 3 et 7 ans d&rsquo;exp\u00e9rience en tant qu&rsquo;analyste d&rsquo;affaires. Cette personne devra \u00eatre passionn\u00e9e par l&rsquo;apprentissage en \u00e9quipe et cherchera \u00e0 devenir une r\u00e9f\u00e9rence dans son domaine.<\/p>\n<h4><strong>Les attentes pour ce r\u00f4le comprennent :<\/strong><\/h4>\n<ul>\n<li>Soutenir les mandats de strat\u00e9gie TI et de s\u00e9lection de logiciels<\/li>\n<li>Comprendre les processus et les besoins de l&rsquo;entreprise ; documenter les exigences fonctionnelles et non-fonctionnelles qui r\u00e9pondent \u00e0 ces besoins<\/li>\n<li>Traduire des d\u00e9tails techniques complexes en termes simples pour qu&rsquo;un ex\u00e9cutif puisse les comprendre<\/li>\n<li>Exprimer les exigences \u00e0 diff\u00e9rents niveaux d&rsquo;abstraction, en utilisant des repr\u00e9sentations visuelles si n\u00e9cessaire<\/li>\n<li>Maintenir les parties prenantes activement engag\u00e9es et concentr\u00e9es sur l&rsquo;identification des objectifs \u00e0 atteindre<\/li>\n<li>Communiquer et pr\u00e9senter des solutions concr\u00e8tes<\/li>\n<li>Conseiller les clients sur les moyens d&rsquo;am\u00e9liorer et d&rsquo;innover, en tenant compte de l&rsquo;impact humain et de la technologie<\/li>\n<li>Contribuer \u00e0 la d\u00e9finition et \u00e0 l&rsquo;impl\u00e9mentation de m\u00e9thodologies, de processus et d&rsquo;outils d&rsquo;analyse d&rsquo;affaires<\/li>\n<li>Structurer et assister les tests de validation par les utilisateurs<\/li>\n<li>\u00catre bas\u00e9 \u00e0 Montr\u00e9al, certains d\u00e9placements peuvent \u00eatre n\u00e9cessaires<\/li>\n<li>Poste \u00e0 temps plein<\/li>\n<\/ul>\n<h4><strong>Connaissances, comp\u00e9tences et exp\u00e9rience<\/strong><\/h4>\n<ul>\n<li>Baccalaur\u00e9at ou exp\u00e9rience de travail \u00e9quivalente<\/li>\n<li>Minimum de 3 ans d&rsquo;exp\u00e9rience professionnelle pertinente dans un r\u00f4le faisant le lien entre les TI et les affaires<\/li>\n<li>La pr\u00e9f\u00e9rence sera donn\u00e9e aux candidats ayant une forte expertise dans un ou plusieurs des domaines suivants :\n<ul>\n<li>Cha\u00eene d&rsquo;approvisionnement et logistique<\/li>\n<li>Fabrication<\/li>\n<li>Commerce de d\u00e9tail<\/li>\n<li>Secteur public\/parapublic\/\u00e0 but non lucratif<\/li>\n<\/ul>\n<\/li>\n<li>Fortes aptitudes \u00e0 la communication orale, la communication \u00e9crite et \u00e0 l&rsquo;animation de rencontres<\/li>\n<li>Parfaitement bilingue (anglais\/fran\u00e7ais) \u00e0 l&rsquo;oral et \u00e0 l&rsquo;\u00e9crit<\/li>\n<li>Certification en analyse d&rsquo;affaires (ECBA, CCBA, CBAP, PMI-PBA), un atout<\/li>\n<li>Exp\u00e9rience des programmes ESSOR\/Audit 4.0 (Qu\u00e9bec) et PCAN (Canada), un atout<\/li>\n<li>Connaissance approfondie des outils de productivit\u00e9 PC tels que Word, Excel, PowerPoint et Visio (une connaissance experte de l&rsquo;utilisation d&rsquo;Excel est pr\u00e9f\u00e9rable)<\/li>\n<li>Capacit\u00e9 av\u00e9r\u00e9e d&rsquo;identifier et de formaliser les besoins d&rsquo;affaires, de les convertir en cas d&rsquo;utilisation, en r\u00e9cit d&rsquo;utilisateur et\/ou en cas de test<\/li>\n<li>Fortes comp\u00e9tences en mati\u00e8re d&rsquo;analyse et de traitement de l&rsquo;informationCapacit\u00e9 \u00e0 travailler avec des parties prenantes de diff\u00e9rents niveaux d&rsquo;engagement et \u00e0 obtenir un consensus. Capacit\u00e9 d&rsquo;influencer, de persuader et d&rsquo;amorcer le changement dans diff\u00e9rents environnements.<\/li>\n<\/ul>\n<h4><strong>Avantages<\/strong><\/h4>\n<ul>\n<li>Horaires flexibles et possibilit\u00e9 de travailler n&rsquo;importe o\u00f9 (en tant qu&rsquo;entreprise qui encourage la collaboration et le partage des connaissances, vous serez attendu au bureau un jour par semaine)<\/li>\n<li>500 $ par an d&rsquo;indemnit\u00e9 pour un bureau \u00e0 la maison<\/li>\n<li>Les factures d&rsquo;internet et de t\u00e9l\u00e9phone sont rembours\u00e9es<\/li>\n<li>La formation, les certifications et les affiliations \u00e0 des associations sont encourag\u00e9es et rembours\u00e9es<\/li>\n<li>Assurance m\u00e9dicale<\/li>\n<\/ul>\n<p>Rejoignez notre \u00e9quipe dynamique et en pleine expansion en nous contactant \u00e0 l&rsquo;adresse <a href=\"mailto:careers@akiriconsultants.com\" target=\"_new\" rel=\"noopener\">careers@akiriconsultants.com<\/a><\/p>\n<\/div><\/div><\/div><div class=\"fusion-panel panel-default fusion-toggle-no-divider fusion-toggle-boxed-mode\"><div class=\"panel-heading\"><h4 class=\"panel-title toggle\"><a aria-expanded=\"false\" aria-controls=\"b8427d872e8629c3d\" role=\"button\" data-toggle=\"collapse\" data-parent=\"#accordion-3616-1\" data-target=\"#b8427d872e8629c3d\" href=\"#b8427d872e8629c3d\"><span class=\"fusion-toggle-icon-wrapper\" aria-hidden=\"true\"><i class=\"fa-fusion-box\" aria-hidden=\"true\"><\/i><\/span><span class=\"fusion-toggle-heading\"><\/p>\n<h3>Analyste d\u2019affaires bilingue stagiaire\/contractuel<\/h3>\n<p><\/span><\/a><\/h4><\/div><div id=\"b8427d872e8629c3d\" class=\"panel-collapse collapse \"><div class=\"panel-body toggle-content fusion-clearfix\">\n<p>Nous sommes \u00e0 la recherche d&rsquo;\u00e9tudiants qui vont bient\u00f4t obtenir leur dipl\u00f4me ou qui viennent de l&rsquo;obtenir pour des stages de 4 mois. Vous rejoindrez une \u00e9quipe de personnes d\u00e9vou\u00e9es qui travaillent \u00e0 trouver des solutions pour nos clients afin de soutenir leur vision, leur croissance et l&rsquo;exp\u00e9rience client souhait\u00e9e. Nous offrons \u00e9galement la possibilit\u00e9 d&rsquo;un emploi permanent \u00e0 la fin du mandat.<\/p>\n<p>Nous cherchons des personnes curieuses, qui apprennent rapidement des autres et qui sont passionn\u00e9es par la livraison de r\u00e9sultats de qualit\u00e9 \u00e0 nos clients.<\/p>\n<h4><strong>Les attentes pour ce r\u00f4le comprennent :<\/strong><\/h4>\n<ul>\n<li>Soutenir les mandats des clients en mati\u00e8re de strat\u00e9gie TI et de s\u00e9lection de logiciels<\/li>\n<li>Comprendre les processus et les besoins de l&rsquo;entreprise; documenter les exigences fonctionnelles et non-fonctionnelles qui r\u00e9pondent aux besoins<\/li>\n<li>Traduire des d\u00e9tails techniques complexes en termes simples pour qu&rsquo;un ex\u00e9cutif puisse les comprendre<\/li>\n<li>Exprimer les exigences \u00e0 diff\u00e9rents niveaux d&rsquo;abstraction, en utilisant des repr\u00e9sentations visuelles au besoin<\/li>\n<li>Structurer et supporter les tests de validation par les utilisateurs<\/li>\n<li>Bas\u00e9 \u00e0 Montr\u00e9al, certains d\u00e9placements peuvent \u00eatre n\u00e9cessaires<\/li>\n<li>Poste temporaire \u00e0 temps plein<\/li>\n<\/ul>\n<h4><strong>Connaissances, comp\u00e9tences et exp\u00e9rience<\/strong><\/h4>\n<ul>\n<li>Baccalaur\u00e9at ou exp\u00e9rience de travail \u00e9quivalente<\/li>\n<li>Fortes aptitudes \u00e0 la communication orale, la communication \u00e9crite et \u00e0 l&rsquo;animation de rencontres<\/li>\n<li>Parfaitement bilingue (anglais\/fran\u00e7ais) \u00e0 l&rsquo;oral et \u00e0 l&rsquo;\u00e9crit<\/li>\n<li>Certification en analyse d&rsquo;affaires (ECBA) un atout<\/li>\n<li>Bonne connaissance des outils de productivit\u00e9 PC tels que Word, Excel et PowerPoint (une connaissance approfondie de l&rsquo;utilisation d&rsquo;Excel est pr\u00e9f\u00e9rable)<\/li>\n<li>Fortes comp\u00e9tences en mati\u00e8re de r\u00e9solution de probl\u00e8mes<\/li>\n<li>Fortes comp\u00e9tences en mati\u00e8re d&rsquo;analyse et de traitement de l&rsquo;information<\/li>\n<\/ul>\n<p>Rejoignez notre \u00e9quipe dynamique et en pleine expansion en nous contactant \u00e0 l&rsquo;adresse <a href=\"mailto:careers@akiriconsultants.com\" target=\"_new\" rel=\"noopener\">careers@akiriconsultants.com<\/a>.<\/p>\n<\/div><\/div><\/div><\/div><\/div><\/div><\/div><div class=\"fusion-clearfix\"><\/div><\/div><\/div><\/div><\/div>\n","protected":false},"excerpt":{"rendered":"","protected":false},"author":1,"featured_media":0,"parent":0,"menu_order":0,"comment_status":"closed","ping_status":"closed","template":"100-width.php","meta":{"content-type":"","footnotes":""},"class_list":["post-3616","page","type-page","status-publish","hentry"],"yoast_head":"<!-- This site is optimized with the Yoast SEO plugin v27.5 - https:\/\/yoast.com\/product\/yoast-seo-wordpress\/ -->\n<title>Carri\u00e8res - Akiri Consultants Inc.<\/title>\n<meta name=\"robots\" content=\"index, follow, max-snippet:-1, max-image-preview:large, max-video-preview:-1\" \/>\n<link rel=\"canonical\" href=\"https:\/\/akiriconsultants.com\/fr\/carrieres\/\" \/>\n<meta property=\"og:locale\" content=\"fr_CA\" \/>\n<meta property=\"og:type\" content=\"article\" \/>\n<meta property=\"og:title\" content=\"Carri\u00e8res - Akiri Consultants Inc.\" \/>\n<meta property=\"og:url\" content=\"https:\/\/akiriconsultants.com\/fr\/carrieres\/\" \/>\n<meta property=\"og:site_name\" content=\"Akiri Consultants Inc.\" \/>\n<meta property=\"article:modified_time\" content=\"2023-03-06T19:51:49+00:00\" \/>\n<meta name=\"twitter:card\" content=\"summary_large_image\" \/>\n<meta name=\"twitter:label1\" content=\"Estimation du temps de lecture\" \/>\n\t<meta name=\"twitter:data1\" content=\"7 minutes\" \/>\n<script type=\"application\/ld+json\" class=\"yoast-schema-graph\">{\"@context\":\"https:\\\/\\\/schema.org\",\"@graph\":[{\"@type\":\"WebPage\",\"@id\":\"https:\\\/\\\/akiriconsultants.com\\\/fr\\\/carrieres\\\/\",\"url\":\"https:\\\/\\\/akiriconsultants.com\\\/fr\\\/carrieres\\\/\",\"name\":\"Carri\u00e8res - Akiri Consultants Inc.\",\"isPartOf\":{\"@id\":\"https:\\\/\\\/akiriconsultants.com\\\/fr\\\/#website\"},\"datePublished\":\"2021-05-17T16:23:47+00:00\",\"dateModified\":\"2023-03-06T19:51:49+00:00\",\"breadcrumb\":{\"@id\":\"https:\\\/\\\/akiriconsultants.com\\\/fr\\\/carrieres\\\/#breadcrumb\"},\"inLanguage\":\"fr-CA\",\"potentialAction\":[{\"@type\":\"ReadAction\",\"target\":[\"https:\\\/\\\/akiriconsultants.com\\\/fr\\\/carrieres\\\/\"]}]},{\"@type\":\"BreadcrumbList\",\"@id\":\"https:\\\/\\\/akiriconsultants.com\\\/fr\\\/carrieres\\\/#breadcrumb\",\"itemListElement\":[{\"@type\":\"ListItem\",\"position\":1,\"name\":\"Home\",\"item\":\"https:\\\/\\\/akiriconsultants.com\\\/fr\\\/\"},{\"@type\":\"ListItem\",\"position\":2,\"name\":\"Carri\u00e8res\"}]},{\"@type\":\"WebSite\",\"@id\":\"https:\\\/\\\/akiriconsultants.com\\\/fr\\\/#website\",\"url\":\"https:\\\/\\\/akiriconsultants.com\\\/fr\\\/\",\"name\":\"Akiri Consultants Inc.\",\"description\":\"Your experts in software selection and I.T. strategy\",\"potentialAction\":[{\"@type\":\"SearchAction\",\"target\":{\"@type\":\"EntryPoint\",\"urlTemplate\":\"https:\\\/\\\/akiriconsultants.com\\\/fr\\\/?s={search_term_string}\"},\"query-input\":{\"@type\":\"PropertyValueSpecification\",\"valueRequired\":true,\"valueName\":\"search_term_string\"}}],\"inLanguage\":\"fr-CA\"}]}<\/script>\n<!-- \/ Yoast SEO plugin. -->","yoast_head_json":{"title":"Carri\u00e8res - Akiri Consultants Inc.","robots":{"index":"index","follow":"follow","max-snippet":"max-snippet:-1","max-image-preview":"max-image-preview:large","max-video-preview":"max-video-preview:-1"},"canonical":"https:\/\/akiriconsultants.com\/fr\/carrieres\/","og_locale":"fr_CA","og_type":"article","og_title":"Carri\u00e8res - Akiri Consultants Inc.","og_url":"https:\/\/akiriconsultants.com\/fr\/carrieres\/","og_site_name":"Akiri Consultants Inc.","article_modified_time":"2023-03-06T19:51:49+00:00","twitter_card":"summary_large_image","twitter_misc":{"Estimation du temps de lecture":"7 minutes"},"schema":{"@context":"https:\/\/schema.org","@graph":[{"@type":"WebPage","@id":"https:\/\/akiriconsultants.com\/fr\/carrieres\/","url":"https:\/\/akiriconsultants.com\/fr\/carrieres\/","name":"Carri\u00e8res - Akiri Consultants Inc.","isPartOf":{"@id":"https:\/\/akiriconsultants.com\/fr\/#website"},"datePublished":"2021-05-17T16:23:47+00:00","dateModified":"2023-03-06T19:51:49+00:00","breadcrumb":{"@id":"https:\/\/akiriconsultants.com\/fr\/carrieres\/#breadcrumb"},"inLanguage":"fr-CA","potentialAction":[{"@type":"ReadAction","target":["https:\/\/akiriconsultants.com\/fr\/carrieres\/"]}]},{"@type":"BreadcrumbList","@id":"https:\/\/akiriconsultants.com\/fr\/carrieres\/#breadcrumb","itemListElement":[{"@type":"ListItem","position":1,"name":"Home","item":"https:\/\/akiriconsultants.com\/fr\/"},{"@type":"ListItem","position":2,"name":"Carri\u00e8res"}]},{"@type":"WebSite","@id":"https:\/\/akiriconsultants.com\/fr\/#website","url":"https:\/\/akiriconsultants.com\/fr\/","name":"Akiri Consultants Inc.","description":"Your experts in software selection and I.T. strategy","potentialAction":[{"@type":"SearchAction","target":{"@type":"EntryPoint","urlTemplate":"https:\/\/akiriconsultants.com\/fr\/?s={search_term_string}"},"query-input":{"@type":"PropertyValueSpecification","valueRequired":true,"valueName":"search_term_string"}}],"inLanguage":"fr-CA"}]}},"_links":{"self":[{"href":"https:\/\/akiriconsultants.com\/fr\/wp-json\/wp\/v2\/pages\/3616","targetHints":{"allow":["GET"]}}],"collection":[{"href":"https:\/\/akiriconsultants.com\/fr\/wp-json\/wp\/v2\/pages"}],"about":[{"href":"https:\/\/akiriconsultants.com\/fr\/wp-json\/wp\/v2\/types\/page"}],"author":[{"embeddable":true,"href":"https:\/\/akiriconsultants.com\/fr\/wp-json\/wp\/v2\/users\/1"}],"replies":[{"embeddable":true,"href":"https:\/\/akiriconsultants.com\/fr\/wp-json\/wp\/v2\/comments?post=3616"}],"version-history":[{"count":7,"href":"https:\/\/akiriconsultants.com\/fr\/wp-json\/wp\/v2\/pages\/3616\/revisions"}],"predecessor-version":[{"id":4122,"href":"https:\/\/akiriconsultants.com\/fr\/wp-json\/wp\/v2\/pages\/3616\/revisions\/4122"}],"wp:attachment":[{"href":"https:\/\/akiriconsultants.com\/fr\/wp-json\/wp\/v2\/media?parent=3616"}],"curies":[{"name":"wp","href":"https:\/\/api.w.org\/{rel}","templated":true}]}}