{"id":3870,"date":"2021-07-03T10:48:31","date_gmt":"2021-07-03T14:48:31","guid":{"rendered":"http:\/\/akiriconsultants.com\/actualites\/"},"modified":"2021-07-03T10:59:20","modified_gmt":"2021-07-03T14:59:20","slug":"actualites","status":"publish","type":"page","link":"https:\/\/akiriconsultants.com\/fr\/actualites\/","title":{"rendered":"Actualit\u00e9s"},"content":{"rendered":"<div class=\"fusion-fullwidth fullwidth-box fusion-builder-row-1 fr_only nonhundred-percent-fullwidth non-hundred-percent-height-scrolling\" style=\"background-color: #ffffff;background-position: center center;background-repeat: no-repeat;padding-top:100px;padding-right:0px;padding-bottom:65px;padding-left:0px;margin-bottom: 0px;margin-top: 0px;border-width: 0px 0px 0px 0px;border-color:#e8eaf0;border-style:solid;\" ><div class=\"fusion-builder-row fusion-row\"><div class=\"fusion-layout-column fusion_builder_column fusion-builder-column-0 fusion_builder_column_1_1 1_1 fusion-one-full fusion-column-first fusion-column-last\" style=\"margin-top:0px;margin-bottom:20px;\"><div class=\"fusion-column-wrapper fusion-flex-column-wrapper-legacy\" style=\"background-position:left top;background-repeat:no-repeat;-webkit-background-size:cover;-moz-background-size:cover;-o-background-size:cover;background-size:cover;padding: 0px 0px 0px 0px;\"><div class=\"fusion-blog-shortcode fusion-blog-shortcode-1 fusion-blog-archive fusion-blog-layout-grid-wrapper fusion-blog-infinite fusion-blog-layout-center\"><style type=\"text\/css\">.fusion-blog-shortcode-1 .fusion-blog-layout-grid .fusion-post-grid{padding:20px;}.fusion-blog-shortcode-1 .fusion-posts-container{margin-left: -20px !important; margin-right:-20px !important;}<\/style><div class=\"fusion-posts-container fusion-posts-container-infinite fusion-blog-layout-grid fusion-blog-layout-grid-3 isotope fusion-blog-equal-heights\" data-pages=\"2\" data-grid-col-space=\"40\" style=\"margin: -20px -20px 0;min-height:500px;\"><article id=\"blog-1-post-4316\" class=\"fusion-post-grid post-4316 post type-post status-publish format-standard has-post-thumbnail hentry category-non-classifiee\">\n<div class=\"fusion-post-wrapper\" style=\"background-color:rgba(255,255,255,1);border:1px solid #e8eaf0;border-bottom-width:3px;\">\n\n\t\t\t<div class=\"fusion-flexslider flexslider fusion-flexslider-loading fusion-post-slideshow\" style=\"border-color:#e8eaf0;\">\n\t\t<ul class=\"slides\">\n\t\t\t\n\t\t\t\t\t\t\t\t\t\t\t\t\t\t<li><div  class=\"fusion-image-wrapper\" aria-haspopup=\"true\">\n\t\t\t\t  \t\t\t<a href=\"https:\/\/akiriconsultants.com\/fr\/revolution-service-client\/\" aria-label=\"Et si la technologie r\u00e9volutionnait \u00e0 la fois votre service client et vos processus internes?\">\n\t\t\t\t\t\t\t<img decoding=\"async\" width=\"1000\" height=\"800\" src=\"https:\/\/akiriconsultants.com\/wp-content\/uploads\/2025\/03\/illustration-blog-portail-client.png\" class=\"attachment-full size-full wp-post-image\" alt=\"\" srcset=\"https:\/\/akiriconsultants.com\/wp-content\/uploads\/2025\/03\/illustration-blog-portail-client-200x160.png 200w, https:\/\/akiriconsultants.com\/wp-content\/uploads\/2025\/03\/illustration-blog-portail-client-400x320.png 400w, https:\/\/akiriconsultants.com\/wp-content\/uploads\/2025\/03\/illustration-blog-portail-client-600x480.png 600w, https:\/\/akiriconsultants.com\/wp-content\/uploads\/2025\/03\/illustration-blog-portail-client-800x640.png 800w, https:\/\/akiriconsultants.com\/wp-content\/uploads\/2025\/03\/illustration-blog-portail-client.png 1000w\" sizes=\"(min-width: 2200px) 100vw, (min-width: 784px) 393px, (min-width: 712px) 590px, (min-width: 640px) 712px, \" \/>\t\t\t<\/a>\n\t\t\t\t\t\t\t\t<\/div>\n<\/li>\n\t\t\t\n\t\t\t\n\t\t\t\t\t\t\t\t\t\t\t\t\t\t\t\t\t\t\t\t\t\t\t\t\t\t\t\t\t\t\t\t\t\t\t\t\t\t\t\t\t\t\t\t\t\t\t\t\t\t\t\t\t\t\t\t\t\t\t\t\t\t\t\t\t\t\t\t<\/ul>\n\t<\/div>\n\t<div class=\"fusion-post-content-wrapper\" style=\"padding:30px 25px 25px 25px;\"><div class=\"fusion-post-content post-content\"><h2 class=\"blog-shortcode-post-title\"><a href=\"https:\/\/akiriconsultants.com\/fr\/revolution-service-client\/\">Et si la technologie r\u00e9volutionnait \u00e0 la fois votre service client et vos processus internes?<\/a><\/h2><div class=\"fusion-content-sep sep-none\" style=\"border-color:#e8eaf0;\"><\/div><div class=\"fusion-post-content-container\"><p> Comment am\u00e9liorer un service client qui passe par un volume ing\u00e9rable d'\u00e9changes courriels ? Nous <a href=\"https:\/\/akiriconsultants.com\/fr\/revolution-service-client\/\">[...]<\/a><\/p><\/div><\/div><div class=\"fusion-meta-info\"><div class=\"fusion-aligncenter\"><a class=\"fusion-read-more\" href=\"https:\/\/akiriconsultants.com\/fr\/revolution-service-client\/\" aria-label=\"More on Et si la technologie r\u00e9volutionnait \u00e0 la fois votre service client et vos processus internes?\">Lire la Suite<\/a><\/div><\/div><\/div><div class=\"fusion-clearfix\"><\/div><\/div>\n<\/article>\n<article id=\"blog-1-post-4286\" class=\"fusion-post-grid post-4286 post type-post status-publish format-standard has-post-thumbnail hentry category-non-classifiee\">\n<div class=\"fusion-post-wrapper\" style=\"background-color:rgba(255,255,255,1);border:1px solid #e8eaf0;border-bottom-width:3px;\">\n\n\t\t\t<div class=\"fusion-flexslider flexslider fusion-flexslider-loading fusion-post-slideshow\" style=\"border-color:#e8eaf0;\">\n\t\t<ul class=\"slides\">\n\t\t\t\n\t\t\t\t\t\t\t\t\t\t\t\t\t\t<li><div  class=\"fusion-image-wrapper\" aria-haspopup=\"true\">\n\t\t\t\t  \t\t\t<a href=\"https:\/\/akiriconsultants.com\/fr\/modelisation-des-processus-choisir-entre-bpmn-et-iso-5807-pour-optimiser-votre-organisation\/\" aria-label=\"Mod\u00e9lisation des Processus : Choisir entre BPMN et ISO 5807 pour Optimiser Votre Organisation\">\n\t\t\t\t\t\t\t<img decoding=\"async\" width=\"500\" height=\"400\" src=\"https:\/\/akiriconsultants.com\/wp-content\/uploads\/2024\/12\/2.png\" class=\"attachment-full size-full wp-post-image\" alt=\"\" srcset=\"https:\/\/akiriconsultants.com\/wp-content\/uploads\/2024\/12\/2-200x160.png 200w, https:\/\/akiriconsultants.com\/wp-content\/uploads\/2024\/12\/2-400x320.png 400w, https:\/\/akiriconsultants.com\/wp-content\/uploads\/2024\/12\/2.png 500w\" sizes=\"(min-width: 2200px) 100vw, (min-width: 784px) 393px, (min-width: 712px) 590px, (min-width: 640px) 712px, \" \/>\t\t\t<\/a>\n\t\t\t\t\t\t\t\t<\/div>\n<\/li>\n\t\t\t\n\t\t\t\n\t\t\t\t\t\t\t\t\t\t\t\t\t\t\t\t\t\t\t\t\t\t\t\t\t\t\t\t\t\t\t\t\t\t\t\t\t\t\t\t\t\t\t\t\t\t\t\t\t\t\t\t\t\t\t\t\t\t\t\t\t\t\t\t\t\t\t\t<\/ul>\n\t<\/div>\n\t<div class=\"fusion-post-content-wrapper\" style=\"padding:30px 25px 25px 25px;\"><div class=\"fusion-post-content post-content\"><h2 class=\"blog-shortcode-post-title\"><a href=\"https:\/\/akiriconsultants.com\/fr\/modelisation-des-processus-choisir-entre-bpmn-et-iso-5807-pour-optimiser-votre-organisation\/\">Mod\u00e9lisation des Processus : Choisir entre BPMN et ISO 5807 pour Optimiser Votre Organisation<\/a><\/h2><div class=\"fusion-content-sep sep-none\" style=\"border-color:#e8eaf0;\"><\/div><div class=\"fusion-post-content-container\"><p> La mod\u00e9lisation efficace des processus est essentielle pour toute entreprise cherchant \u00e0 am\u00e9liorer son efficacit\u00e9 <a href=\"https:\/\/akiriconsultants.com\/fr\/modelisation-des-processus-choisir-entre-bpmn-et-iso-5807-pour-optimiser-votre-organisation\/\">[...]<\/a><\/p><\/div><\/div><div class=\"fusion-meta-info\"><div class=\"fusion-aligncenter\"><a class=\"fusion-read-more\" href=\"https:\/\/akiriconsultants.com\/fr\/modelisation-des-processus-choisir-entre-bpmn-et-iso-5807-pour-optimiser-votre-organisation\/\" aria-label=\"More on Mod\u00e9lisation des Processus : Choisir entre BPMN et ISO 5807 pour Optimiser Votre Organisation\">Lire la Suite<\/a><\/div><\/div><\/div><div class=\"fusion-clearfix\"><\/div><\/div>\n<\/article>\n<article id=\"blog-1-post-4259\" class=\"fusion-post-grid post-4259 post type-post status-publish format-standard has-post-thumbnail hentry category-non-classifiee\">\n<div class=\"fusion-post-wrapper\" style=\"background-color:rgba(255,255,255,1);border:1px solid #e8eaf0;border-bottom-width:3px;\">\n\n\t\t\t<div class=\"fusion-flexslider flexslider fusion-flexslider-loading fusion-post-slideshow\" style=\"border-color:#e8eaf0;\">\n\t\t<ul class=\"slides\">\n\t\t\t\n\t\t\t\t\t\t\t\t\t\t\t\t\t\t<li><div  class=\"fusion-image-wrapper\" aria-haspopup=\"true\">\n\t\t\t\t  \t\t\t<a href=\"https:\/\/akiriconsultants.com\/fr\/lia-nous-entoure-exploitez-cette-technologie-pour-liberer-le-plein-potentiel-de-votre-organisation\/\" aria-label=\"L\u2019IA nous entoure : Exploitez cette technologie pour lib\u00e9rer le plein potentiel de votre organisation\">\n\t\t\t\t\t\t\t<img decoding=\"async\" width=\"663\" height=\"431\" src=\"https:\/\/akiriconsultants.com\/wp-content\/uploads\/2024\/09\/image1-scaled-e1725640907152.jpg\" class=\"attachment-full size-full wp-post-image\" alt=\"\" srcset=\"https:\/\/akiriconsultants.com\/wp-content\/uploads\/2024\/09\/image1-scaled-e1725640907152-200x130.jpg 200w, https:\/\/akiriconsultants.com\/wp-content\/uploads\/2024\/09\/image1-scaled-e1725640907152-400x260.jpg 400w, https:\/\/akiriconsultants.com\/wp-content\/uploads\/2024\/09\/image1-scaled-e1725640907152-600x390.jpg 600w, https:\/\/akiriconsultants.com\/wp-content\/uploads\/2024\/09\/image1-scaled-e1725640907152.jpg 663w\" sizes=\"(min-width: 2200px) 100vw, (min-width: 784px) 393px, (min-width: 712px) 590px, (min-width: 640px) 712px, \" \/>\t\t\t<\/a>\n\t\t\t\t\t\t\t\t<\/div>\n<\/li>\n\t\t\t\n\t\t\t\n\t\t\t\t\t\t\t\t\t\t\t\t\t\t\t\t\t\t\t\t\t\t\t\t\t\t\t\t\t\t\t\t\t\t\t\t\t\t\t\t\t\t\t\t\t\t\t\t\t\t\t\t\t\t\t\t\t\t\t\t\t\t\t\t\t\t\t\t<\/ul>\n\t<\/div>\n\t<div class=\"fusion-post-content-wrapper\" style=\"padding:30px 25px 25px 25px;\"><div class=\"fusion-post-content post-content\"><h2 class=\"blog-shortcode-post-title\"><a href=\"https:\/\/akiriconsultants.com\/fr\/lia-nous-entoure-exploitez-cette-technologie-pour-liberer-le-plein-potentiel-de-votre-organisation\/\">L\u2019IA nous entoure : Exploitez cette technologie pour lib\u00e9rer le plein potentiel de votre organisation<\/a><\/h2><div class=\"fusion-content-sep sep-none\" style=\"border-color:#e8eaf0;\"><\/div><div class=\"fusion-post-content-container\"><p> Dans un monde en constante \u00e9volution, rester \u00e0 l'avant-garde des tendances technologiques est essentiel pour <a href=\"https:\/\/akiriconsultants.com\/fr\/lia-nous-entoure-exploitez-cette-technologie-pour-liberer-le-plein-potentiel-de-votre-organisation\/\">[...]<\/a><\/p><\/div><\/div><div class=\"fusion-meta-info\"><div class=\"fusion-aligncenter\"><a class=\"fusion-read-more\" href=\"https:\/\/akiriconsultants.com\/fr\/lia-nous-entoure-exploitez-cette-technologie-pour-liberer-le-plein-potentiel-de-votre-organisation\/\" aria-label=\"More on L\u2019IA nous entoure : Exploitez cette technologie pour lib\u00e9rer le plein potentiel de votre organisation\">Lire la Suite<\/a><\/div><\/div><\/div><div class=\"fusion-clearfix\"><\/div><\/div>\n<\/article>\n<article id=\"blog-1-post-4218\" class=\"fusion-post-grid post-4218 post type-post status-publish format-standard has-post-thumbnail hentry category-non-classifiee\">\n<div class=\"fusion-post-wrapper\" style=\"background-color:rgba(255,255,255,1);border:1px solid #e8eaf0;border-bottom-width:3px;\">\n\n\t\t\t<div class=\"fusion-flexslider flexslider fusion-flexslider-loading fusion-post-slideshow\" style=\"border-color:#e8eaf0;\">\n\t\t<ul class=\"slides\">\n\t\t\t\n\t\t\t\t\t\t\t\t\t\t\t\t\t\t<li><div  class=\"fusion-image-wrapper\" aria-haspopup=\"true\">\n\t\t\t\t  \t\t\t<a href=\"https:\/\/akiriconsultants.com\/fr\/cabinets-de-courtage-transition-numerique\/\" aria-label=\"Pourquoi les cabinets de courtage devraient-ils plonger dans une transition num\u00e9rique?\">\n\t\t\t\t\t\t\t<img decoding=\"async\" width=\"994\" height=\"1080\" src=\"https:\/\/akiriconsultants.com\/wp-content\/uploads\/2024\/02\/Photo-Congres-1-1-scaled.jpeg\" class=\"attachment-full size-full wp-post-image\" alt=\"\" srcset=\"https:\/\/akiriconsultants.com\/wp-content\/uploads\/2024\/02\/Photo-Congres-1-1-200x217.jpeg 200w, https:\/\/akiriconsultants.com\/wp-content\/uploads\/2024\/02\/Photo-Congres-1-1-400x435.jpeg 400w, https:\/\/akiriconsultants.com\/wp-content\/uploads\/2024\/02\/Photo-Congres-1-1-600x652.jpeg 600w, https:\/\/akiriconsultants.com\/wp-content\/uploads\/2024\/02\/Photo-Congres-1-1-800x869.jpeg 800w, https:\/\/akiriconsultants.com\/wp-content\/uploads\/2024\/02\/Photo-Congres-1-1-scaled.jpeg 994w, https:\/\/akiriconsultants.com\/wp-content\/uploads\/2024\/02\/Photo-Congres-1-1-1200x1304.jpeg 1200w\" sizes=\"(min-width: 2200px) 100vw, (min-width: 784px) 393px, (min-width: 712px) 590px, (min-width: 640px) 712px, \" \/>\t\t\t<\/a>\n\t\t\t\t\t\t\t\t<\/div>\n<\/li>\n\t\t\t\n\t\t\t\n\t\t\t\t\t\t\t\t\t\t\t\t\t\t\t\t\t\t\t\t\t\t\t\t\t\t\t\t\t\t\t\t\t\t\t\t\t\t\t\t\t\t\t\t\t\t\t\t\t\t\t\t\t\t\t\t\t\t\t\t\t\t\t\t\t\t\t\t<\/ul>\n\t<\/div>\n\t<div class=\"fusion-post-content-wrapper\" style=\"padding:30px 25px 25px 25px;\"><div class=\"fusion-post-content post-content\"><h2 class=\"blog-shortcode-post-title\"><a href=\"https:\/\/akiriconsultants.com\/fr\/cabinets-de-courtage-transition-numerique\/\">Pourquoi les cabinets de courtage devraient-ils plonger dans une transition num\u00e9rique?<\/a><\/h2><div class=\"fusion-content-sep sep-none\" style=\"border-color:#e8eaf0;\"><\/div><div class=\"fusion-post-content-container\"><p> Depuis la fin 2022, Les Consultants Akiri travaillent au quotidien avec des courtiers en assurances <a href=\"https:\/\/akiriconsultants.com\/fr\/cabinets-de-courtage-transition-numerique\/\">[...]<\/a><\/p><\/div><\/div><div class=\"fusion-meta-info\"><div class=\"fusion-aligncenter\"><a class=\"fusion-read-more\" href=\"https:\/\/akiriconsultants.com\/fr\/cabinets-de-courtage-transition-numerique\/\" aria-label=\"More on Pourquoi les cabinets de courtage devraient-ils plonger dans une transition num\u00e9rique?\">Lire la Suite<\/a><\/div><\/div><\/div><div class=\"fusion-clearfix\"><\/div><\/div>\n<\/article>\n<article id=\"blog-1-post-4197\" class=\"fusion-post-grid post-4197 post type-post status-publish format-standard has-post-thumbnail hentry category-non-classifiee tag-francais-fr tag-francais-fr-2\">\n<div class=\"fusion-post-wrapper\" style=\"background-color:rgba(255,255,255,1);border:1px solid #e8eaf0;border-bottom-width:3px;\">\n\n\t\t\t<div class=\"fusion-flexslider flexslider fusion-flexslider-loading fusion-post-slideshow\" style=\"border-color:#e8eaf0;\">\n\t\t<ul class=\"slides\">\n\t\t\t\n\t\t\t\t\t\t\t\t\t\t\t\t\t\t<li><div  class=\"fusion-image-wrapper\" aria-haspopup=\"true\">\n\t\t\t\t  \t\t\t<a href=\"https:\/\/akiriconsultants.com\/fr\/lancer-un-projet-de-transformation-numerique\/\" aria-label=\"Lancer un projet de transformation num\u00e9rique au sein de votre entreprise manufacturi\u00e8re\">\n\t\t\t\t\t\t\t<img decoding=\"async\" width=\"1080\" height=\"1080\" src=\"https:\/\/akiriconsultants.com\/wp-content\/uploads\/2023\/11\/Image-blog-FR.png\" class=\"attachment-full size-full wp-post-image\" alt=\"\" srcset=\"https:\/\/akiriconsultants.com\/wp-content\/uploads\/2023\/11\/Image-blog-FR-200x200.png 200w, https:\/\/akiriconsultants.com\/wp-content\/uploads\/2023\/11\/Image-blog-FR-400x400.png 400w, https:\/\/akiriconsultants.com\/wp-content\/uploads\/2023\/11\/Image-blog-FR-600x600.png 600w, https:\/\/akiriconsultants.com\/wp-content\/uploads\/2023\/11\/Image-blog-FR-800x800.png 800w, https:\/\/akiriconsultants.com\/wp-content\/uploads\/2023\/11\/Image-blog-FR.png 1080w\" sizes=\"(min-width: 2200px) 100vw, (min-width: 784px) 393px, (min-width: 712px) 590px, (min-width: 640px) 712px, \" \/>\t\t\t<\/a>\n\t\t\t\t\t\t\t\t<\/div>\n<\/li>\n\t\t\t\n\t\t\t\n\t\t\t\t\t\t\t\t\t\t\t\t\t\t\t\t\t\t\t\t\t\t\t\t\t\t\t\t\t\t\t\t\t\t\t\t\t\t\t\t\t\t\t\t\t\t\t\t\t\t\t\t\t\t\t\t\t\t\t\t\t\t\t\t\t\t\t\t<\/ul>\n\t<\/div>\n\t<div class=\"fusion-post-content-wrapper\" style=\"padding:30px 25px 25px 25px;\"><div class=\"fusion-post-content post-content\"><h2 class=\"blog-shortcode-post-title\"><a href=\"https:\/\/akiriconsultants.com\/fr\/lancer-un-projet-de-transformation-numerique\/\">Lancer un projet de transformation num\u00e9rique au sein de votre entreprise manufacturi\u00e8re<\/a><\/h2><div class=\"fusion-content-sep sep-none\" style=\"border-color:#e8eaf0;\"><\/div><div class=\"fusion-post-content-container\"><p>Comment lancer un projet de transformation num\u00e9rique au sein de votre entreprise manufacturi\u00e8re sans passer par <a href=\"https:\/\/akiriconsultants.com\/fr\/lancer-un-projet-de-transformation-numerique\/\">[...]<\/a><\/p><\/div><\/div><div class=\"fusion-meta-info\"><div class=\"fusion-aligncenter\"><a class=\"fusion-read-more\" href=\"https:\/\/akiriconsultants.com\/fr\/lancer-un-projet-de-transformation-numerique\/\" aria-label=\"More on Lancer un projet de transformation num\u00e9rique au sein de votre entreprise manufacturi\u00e8re\">Lire la Suite<\/a><\/div><\/div><\/div><div class=\"fusion-clearfix\"><\/div><\/div>\n<\/article>\n<article id=\"blog-1-post-4180\" class=\"fusion-post-grid post-4180 post type-post status-publish format-standard has-post-thumbnail hentry category-non-classifiee tag-francais-fr tag-francais-fr-2\">\n<div class=\"fusion-post-wrapper\" style=\"background-color:rgba(255,255,255,1);border:1px solid #e8eaf0;border-bottom-width:3px;\">\n\n\t\t\t<div class=\"fusion-flexslider flexslider fusion-flexslider-loading fusion-post-slideshow\" style=\"border-color:#e8eaf0;\">\n\t\t<ul class=\"slides\">\n\t\t\t\n\t\t\t\t\t\t\t\t\t\t\t\t\t\t<li><div  class=\"fusion-image-wrapper\" aria-haspopup=\"true\">\n\t\t\t\t  \t\t\t<a href=\"https:\/\/akiriconsultants.com\/fr\/entretien-avec-rachel-bachmann-les-avantages-de-lactionnariat-salarie-chez-les-consultants-akiri\/\" aria-label=\"Entretien avec Rachel Bachmann : Les avantages de l&rsquo;actionnariat salari\u00e9 chez Les Consultants Akiri\">\n\t\t\t\t\t\t\t<img decoding=\"async\" width=\"608\" height=\"764\" src=\"https:\/\/akiriconsultants.com\/wp-content\/uploads\/2023\/09\/rachel-b.png\" class=\"attachment-full size-full wp-post-image\" alt=\"\" srcset=\"https:\/\/akiriconsultants.com\/wp-content\/uploads\/2023\/09\/rachel-b-200x251.png 200w, https:\/\/akiriconsultants.com\/wp-content\/uploads\/2023\/09\/rachel-b-400x503.png 400w, https:\/\/akiriconsultants.com\/wp-content\/uploads\/2023\/09\/rachel-b-600x754.png 600w, https:\/\/akiriconsultants.com\/wp-content\/uploads\/2023\/09\/rachel-b.png 608w\" sizes=\"(min-width: 2200px) 100vw, (min-width: 784px) 393px, (min-width: 712px) 590px, (min-width: 640px) 712px, \" \/>\t\t\t<\/a>\n\t\t\t\t\t\t\t\t<\/div>\n<\/li>\n\t\t\t\n\t\t\t\n\t\t\t\t\t\t\t\t\t\t\t\t\t\t\t\t\t\t\t\t\t\t\t\t\t\t\t\t\t\t\t\t\t\t\t\t\t\t\t\t\t\t\t\t\t\t\t\t\t\t\t\t\t\t\t\t\t\t\t\t\t\t\t\t\t\t\t\t<\/ul>\n\t<\/div>\n\t<div class=\"fusion-post-content-wrapper\" style=\"padding:30px 25px 25px 25px;\"><div class=\"fusion-post-content post-content\"><h2 class=\"blog-shortcode-post-title\"><a href=\"https:\/\/akiriconsultants.com\/fr\/entretien-avec-rachel-bachmann-les-avantages-de-lactionnariat-salarie-chez-les-consultants-akiri\/\">Entretien avec Rachel Bachmann : Les avantages de l&rsquo;actionnariat salari\u00e9 chez Les Consultants Akiri<\/a><\/h2><div class=\"fusion-content-sep sep-none\" style=\"border-color:#e8eaf0;\"><\/div><div class=\"fusion-post-content-container\"><p>Pourquoi avez-vous choisi que l\u2019entreprise Les consultants Akiri soit d\u00e9tenue par ses salari\u00e9s ? Je crois <a href=\"https:\/\/akiriconsultants.com\/fr\/entretien-avec-rachel-bachmann-les-avantages-de-lactionnariat-salarie-chez-les-consultants-akiri\/\">[...]<\/a><\/p><\/div><\/div><div class=\"fusion-meta-info\"><div class=\"fusion-aligncenter\"><a class=\"fusion-read-more\" href=\"https:\/\/akiriconsultants.com\/fr\/entretien-avec-rachel-bachmann-les-avantages-de-lactionnariat-salarie-chez-les-consultants-akiri\/\" aria-label=\"More on Entretien avec Rachel Bachmann : Les avantages de l&rsquo;actionnariat salari\u00e9 chez Les Consultants Akiri\">Lire la Suite<\/a><\/div><\/div><\/div><div class=\"fusion-clearfix\"><\/div><\/div>\n<\/article>\n<div class=\"fusion-clearfix\"><\/div><\/div><div class=\"fusion-infinite-scroll-trigger\"><\/div><div class=\"pagination infinite-scroll clearfix\" style=\"display:none;\"><span class=\"current\">1<\/span><a href=\"https:\/\/akiriconsultants.com\/fr\/wp-json\/wp\/v2\/pages\/3870\/page\/2\/\" class=\"inactive\">2<\/a><a class=\"pagination-next\" rel=\"next\" href=\"https:\/\/akiriconsultants.com\/fr\/wp-json\/wp\/v2\/pages\/3870\/page\/2\/\"><span class=\"page-text\">Next<\/span><span class=\"page-next\"><\/span><\/a><\/div><div class=\"fusion-clearfix\"><\/div><\/div><div class=\"fusion-clearfix\"><\/div><\/div><\/div><\/div><\/div>\n","protected":false},"excerpt":{"rendered":"","protected":false},"author":1,"featured_media":0,"parent":0,"menu_order":0,"comment_status":"closed","ping_status":"closed","template":"100-width.php","meta":{"content-type":"","footnotes":""},"class_list":["post-3870","page","type-page","status-publish","hentry"],"yoast_head":"<!-- This site is optimized with the Yoast SEO plugin v27.4 - https:\/\/yoast.com\/product\/yoast-seo-wordpress\/ -->\n<title>Actualit\u00e9s - Akiri Consultants Inc.<\/title>\n<meta name=\"robots\" content=\"index, follow, max-snippet:-1, max-image-preview:large, max-video-preview:-1\" \/>\n<link rel=\"canonical\" href=\"https:\/\/akiriconsultants.com\/fr\/actualites\/\" \/>\n<meta property=\"og:locale\" content=\"fr_CA\" \/>\n<meta property=\"og:type\" content=\"article\" \/>\n<meta property=\"og:title\" content=\"Actualit\u00e9s - Akiri Consultants Inc.\" \/>\n<meta property=\"og:url\" content=\"https:\/\/akiriconsultants.com\/fr\/actualites\/\" \/>\n<meta property=\"og:site_name\" content=\"Akiri Consultants Inc.\" \/>\n<meta property=\"article:modified_time\" content=\"2021-07-03T14:59:20+00:00\" \/>\n<meta name=\"twitter:card\" content=\"summary_large_image\" \/>\n<meta name=\"twitter:label1\" content=\"Estimation du temps de lecture\" \/>\n\t<meta name=\"twitter:data1\" content=\"2 minutes\" \/>\n<script type=\"application\/ld+json\" class=\"yoast-schema-graph\">{\"@context\":\"https:\\\/\\\/schema.org\",\"@graph\":[{\"@type\":\"WebPage\",\"@id\":\"https:\\\/\\\/akiriconsultants.com\\\/fr\\\/actualites\\\/\",\"url\":\"https:\\\/\\\/akiriconsultants.com\\\/fr\\\/actualites\\\/\",\"name\":\"Actualit\u00e9s - Akiri Consultants Inc.\",\"isPartOf\":{\"@id\":\"https:\\\/\\\/akiriconsultants.com\\\/fr\\\/#website\"},\"datePublished\":\"2021-07-03T14:48:31+00:00\",\"dateModified\":\"2021-07-03T14:59:20+00:00\",\"breadcrumb\":{\"@id\":\"https:\\\/\\\/akiriconsultants.com\\\/fr\\\/actualites\\\/#breadcrumb\"},\"inLanguage\":\"fr-CA\",\"potentialAction\":[{\"@type\":\"ReadAction\",\"target\":[\"https:\\\/\\\/akiriconsultants.com\\\/fr\\\/actualites\\\/\"]}]},{\"@type\":\"BreadcrumbList\",\"@id\":\"https:\\\/\\\/akiriconsultants.com\\\/fr\\\/actualites\\\/#breadcrumb\",\"itemListElement\":[{\"@type\":\"ListItem\",\"position\":1,\"name\":\"Home\",\"item\":\"https:\\\/\\\/akiriconsultants.com\\\/fr\\\/\"},{\"@type\":\"ListItem\",\"position\":2,\"name\":\"Actualit\u00e9s\"}]},{\"@type\":\"WebSite\",\"@id\":\"https:\\\/\\\/akiriconsultants.com\\\/fr\\\/#website\",\"url\":\"https:\\\/\\\/akiriconsultants.com\\\/fr\\\/\",\"name\":\"Akiri Consultants Inc.\",\"description\":\"Your experts in software selection and I.T. strategy\",\"potentialAction\":[{\"@type\":\"SearchAction\",\"target\":{\"@type\":\"EntryPoint\",\"urlTemplate\":\"https:\\\/\\\/akiriconsultants.com\\\/fr\\\/?s={search_term_string}\"},\"query-input\":{\"@type\":\"PropertyValueSpecification\",\"valueRequired\":true,\"valueName\":\"search_term_string\"}}],\"inLanguage\":\"fr-CA\"}]}<\/script>\n<!-- \/ Yoast SEO plugin. -->","yoast_head_json":{"title":"Actualit\u00e9s - Akiri Consultants Inc.","robots":{"index":"index","follow":"follow","max-snippet":"max-snippet:-1","max-image-preview":"max-image-preview:large","max-video-preview":"max-video-preview:-1"},"canonical":"https:\/\/akiriconsultants.com\/fr\/actualites\/","og_locale":"fr_CA","og_type":"article","og_title":"Actualit\u00e9s - Akiri Consultants Inc.","og_url":"https:\/\/akiriconsultants.com\/fr\/actualites\/","og_site_name":"Akiri Consultants Inc.","article_modified_time":"2021-07-03T14:59:20+00:00","twitter_card":"summary_large_image","twitter_misc":{"Estimation du temps de lecture":"2 minutes"},"schema":{"@context":"https:\/\/schema.org","@graph":[{"@type":"WebPage","@id":"https:\/\/akiriconsultants.com\/fr\/actualites\/","url":"https:\/\/akiriconsultants.com\/fr\/actualites\/","name":"Actualit\u00e9s - Akiri Consultants Inc.","isPartOf":{"@id":"https:\/\/akiriconsultants.com\/fr\/#website"},"datePublished":"2021-07-03T14:48:31+00:00","dateModified":"2021-07-03T14:59:20+00:00","breadcrumb":{"@id":"https:\/\/akiriconsultants.com\/fr\/actualites\/#breadcrumb"},"inLanguage":"fr-CA","potentialAction":[{"@type":"ReadAction","target":["https:\/\/akiriconsultants.com\/fr\/actualites\/"]}]},{"@type":"BreadcrumbList","@id":"https:\/\/akiriconsultants.com\/fr\/actualites\/#breadcrumb","itemListElement":[{"@type":"ListItem","position":1,"name":"Home","item":"https:\/\/akiriconsultants.com\/fr\/"},{"@type":"ListItem","position":2,"name":"Actualit\u00e9s"}]},{"@type":"WebSite","@id":"https:\/\/akiriconsultants.com\/fr\/#website","url":"https:\/\/akiriconsultants.com\/fr\/","name":"Akiri Consultants Inc.","description":"Your experts in software selection and I.T. strategy","potentialAction":[{"@type":"SearchAction","target":{"@type":"EntryPoint","urlTemplate":"https:\/\/akiriconsultants.com\/fr\/?s={search_term_string}"},"query-input":{"@type":"PropertyValueSpecification","valueRequired":true,"valueName":"search_term_string"}}],"inLanguage":"fr-CA"}]}},"_links":{"self":[{"href":"https:\/\/akiriconsultants.com\/fr\/wp-json\/wp\/v2\/pages\/3870","targetHints":{"allow":["GET"]}}],"collection":[{"href":"https:\/\/akiriconsultants.com\/fr\/wp-json\/wp\/v2\/pages"}],"about":[{"href":"https:\/\/akiriconsultants.com\/fr\/wp-json\/wp\/v2\/types\/page"}],"author":[{"embeddable":true,"href":"https:\/\/akiriconsultants.com\/fr\/wp-json\/wp\/v2\/users\/1"}],"replies":[{"embeddable":true,"href":"https:\/\/akiriconsultants.com\/fr\/wp-json\/wp\/v2\/comments?post=3870"}],"version-history":[{"count":5,"href":"https:\/\/akiriconsultants.com\/fr\/wp-json\/wp\/v2\/pages\/3870\/revisions"}],"predecessor-version":[{"id":3877,"href":"https:\/\/akiriconsultants.com\/fr\/wp-json\/wp\/v2\/pages\/3870\/revisions\/3877"}],"wp:attachment":[{"href":"https:\/\/akiriconsultants.com\/fr\/wp-json\/wp\/v2\/media?parent=3870"}],"curies":[{"name":"wp","href":"https:\/\/api.w.org\/{rel}","templated":true}]}}